{"id":8,"date":"2025-10-16T14:31:24","date_gmt":"2025-10-16T14:31:24","guid":{"rendered":"http:\/\/spes.rs\/?page_id=8"},"modified":"2025-12-05T11:21:38","modified_gmt":"2025-12-05T11:21:38","slug":"naslovna","status":"publish","type":"page","link":"http:\/\/spes.rs\/","title":{"rendered":"Naslovna"},"content":{"rendered":"\t\t<div data-elementor-type=\"wp-page\" data-elementor-id=\"8\" class=\"elementor elementor-8\" data-elementor-post-type=\"page\">\n\t\t\t\t<div class=\"elementor-element elementor-element-4e96206 e-flex e-con-boxed e-con e-parent\" data-id=\"4e96206\" data-element_type=\"container\" data-settings=\"{&quot;shape_divider_top&quot;:&quot;curve-asymmetrical&quot;}\">\n\t\t\t\t\t<div class=\"e-con-inner\">\n\t\t\t\t<div class=\"elementor-shape elementor-shape-top\" aria-hidden=\"true\" data-negative=\"false\">\n\t\t\t<svg xmlns=\"http:\/\/www.w3.org\/2000\/svg\" viewBox=\"0 0 1000 100\" preserveAspectRatio=\"none\">\n\t<path class=\"elementor-shape-fill\" d=\"M0,0c0,0,0,6,0,6.7c0,18,240.2,93.6,615.2,92.6C989.8,98.5,1000,25,1000,6.7c0-0.7,0-6.7,0-6.7H0z\"\/>\n<\/svg>\t\t<\/div>\n\t\t<div class=\"elementor-element elementor-element-7d85802 e-con-full e-flex e-con e-child\" data-id=\"7d85802\" data-element_type=\"container\">\n\t\t\t\t<div class=\"elementor-element elementor-element-f8ddd89 elementor-widget elementor-widget-heading\" data-id=\"f8ddd89\" data-element_type=\"widget\" data-widget_type=\"heading.default\">\n\t\t\t\t\t<h2 class=\"elementor-heading-title elementor-size-default\">UDRU\u017dENJE ZA PEDIJATRIJSKU ENDOKRINOLOGIJU SRBIJE<\/h2>\t\t\t\t<\/div>\n\t\t\t\t<\/div>\n\t\t\t\t\t<\/div>\n\t\t\t\t<\/div>\n\t\t<div class=\"elementor-element elementor-element-74c8145 e-flex e-con-boxed e-con e-parent\" data-id=\"74c8145\" data-element_type=\"container\" data-settings=\"{&quot;shape_divider_top&quot;:&quot;curve-asymmetrical&quot;}\">\n\t\t\t\t\t<div class=\"e-con-inner\">\n\t\t\t\t<div class=\"elementor-shape elementor-shape-top\" aria-hidden=\"true\" data-negative=\"false\">\n\t\t\t<svg xmlns=\"http:\/\/www.w3.org\/2000\/svg\" viewBox=\"0 0 1000 100\" preserveAspectRatio=\"none\">\n\t<path class=\"elementor-shape-fill\" d=\"M0,0c0,0,0,6,0,6.7c0,18,240.2,93.6,615.2,92.6C989.8,98.5,1000,25,1000,6.7c0-0.7,0-6.7,0-6.7H0z\"\/>\n<\/svg>\t\t<\/div>\n\t\t<div class=\"elementor-element elementor-element-8910606 e-con-full e-flex e-con e-child\" data-id=\"8910606\" data-element_type=\"container\">\n\t\t\t\t<div class=\"elementor-element elementor-element-536b36e elementor-widget elementor-widget-text-editor\" data-id=\"536b36e\" data-element_type=\"widget\" data-widget_type=\"text-editor.default\">\n\t\t\t\t\t\t\t\t\t<p>Udru\u017eenje za pedijatrijsku endokrinologiju Srbije je nevladino, nestrana\u010dko i neprofitno strukovno udru\u017eenje pedijatara endokrinologa, pedijatara sa posebnim interesovanjem<br \/>za de\u010diju endokrinologiju, hirurga, nutricionista, dijeteti\u010dara, kao i medicinskih sestara i tehni\u010dara sa posebnim interesom za de\u010diju endokrinologiju, sa teritorije Republike Srbije, radi ostvarivanja ciljeva u oblasti zdravstvene za\u0161tite dece i adolescenata, a posebno u oblasti pedijatrijske endokrinologije.Osnovni cilj je unapre\u0111enje zdrastvene za\u0161tite dece i adolescenata iz oblasti pedijatrijske endokrinologije, u skladu sa savremenom svetskom praksom i standardima;<\/p>\t\t\t\t\t\t\t\t<\/div>\n\t\t\t\t<div class=\"elementor-element elementor-element-8dcfc6d elementor-widget__width-initial animated-slow elementor-invisible elementor-widget elementor-widget-image\" data-id=\"8dcfc6d\" data-element_type=\"widget\" data-settings=\"{&quot;_animation&quot;:&quot;fadeIn&quot;,&quot;_animation_delay&quot;:1500}\" data-widget_type=\"image.default\">\n\t\t\t\t\t\t\t\t\t\t\t\t\t\t\t\t<a href=\"http:\/\/www.merck.de\">\n\t\t\t\t\t\t\t<img fetchpriority=\"high\" decoding=\"async\" width=\"768\" height=\"543\" src=\"http:\/\/spes.rs\/wp-content\/uploads\/2025\/12\/11128LOW_MERCKLOGORICHREDR_768_.jpg\" class=\"attachment-full size-full wp-image-100\" alt=\"\" srcset=\"http:\/\/spes.rs\/wp-content\/uploads\/2025\/12\/11128LOW_MERCKLOGORICHREDR_768_.jpg 768w, http:\/\/spes.rs\/wp-content\/uploads\/2025\/12\/11128LOW_MERCKLOGORICHREDR_768_-300x212.jpg 300w\" sizes=\"(max-width: 768px) 100vw, 768px\" \/>\t\t\t\t\t\t\t\t<\/a>\n\t\t\t\t\t\t\t\t\t\t\t\t\t\t\t<\/div>\n\t\t\t\t<\/div>\n\t\t<div class=\"elementor-element elementor-element-c693ac0 e-con-full e-flex e-con e-child\" data-id=\"c693ac0\" data-element_type=\"container\" data-settings=\"{&quot;background_background&quot;:&quot;classic&quot;}\">\n\t\t\t\t<div class=\"elementor-element elementor-element-436671b elementor-widget elementor-widget-image\" data-id=\"436671b\" data-element_type=\"widget\" data-widget_type=\"image.default\">\n\t\t\t\t\t\t\t\t\t\t\t\t\t\t\t<img decoding=\"async\" width=\"1280\" height=\"1178\" src=\"http:\/\/spes.rs\/wp-content\/uploads\/2025\/10\/SPES-PES-Logo-03-scaled-e1760631645710.jpg\" class=\"attachment-full size-full wp-image-31\" alt=\"\" srcset=\"http:\/\/spes.rs\/wp-content\/uploads\/2025\/10\/SPES-PES-Logo-03-scaled-e1760631645710.jpg 1280w, http:\/\/spes.rs\/wp-content\/uploads\/2025\/10\/SPES-PES-Logo-03-scaled-e1760631645710-300x276.jpg 300w, http:\/\/spes.rs\/wp-content\/uploads\/2025\/10\/SPES-PES-Logo-03-scaled-e1760631645710-1024x942.jpg 1024w, http:\/\/spes.rs\/wp-content\/uploads\/2025\/10\/SPES-PES-Logo-03-scaled-e1760631645710-768x707.jpg 768w\" sizes=\"(max-width: 1280px) 100vw, 1280px\" \/>\t\t\t\t\t\t\t\t\t\t\t\t\t\t\t<\/div>\n\t\t\t\t<\/div>\n\t\t\t\t\t<\/div>\n\t\t\t\t<\/div>\n\t\t<div class=\"elementor-element elementor-element-bb85352 e-flex e-con-boxed e-con e-parent\" data-id=\"bb85352\" data-element_type=\"container\" data-settings=\"{&quot;shape_divider_top&quot;:&quot;tilt&quot;}\">\n\t\t\t\t\t<div class=\"e-con-inner\">\n\t\t\t\t<div class=\"elementor-shape elementor-shape-top\" aria-hidden=\"true\" data-negative=\"false\">\n\t\t\t<svg xmlns=\"http:\/\/www.w3.org\/2000\/svg\" viewBox=\"0 0 1000 100\" preserveAspectRatio=\"none\">\n\t<path class=\"elementor-shape-fill\" d=\"M0,6V0h1000v100L0,6z\"\/>\n<\/svg>\t\t<\/div>\n\t\t\t\t<div class=\"elementor-element elementor-element-42fd6ac elementor-widget elementor-widget-heading\" data-id=\"42fd6ac\" data-element_type=\"widget\" data-widget_type=\"heading.default\">\n\t\t\t\t\t<h2 class=\"elementor-heading-title elementor-size-default\">OSNOVNI CILJ JE<\/h2>\t\t\t\t<\/div>\n\t\t\t\t\t<\/div>\n\t\t\t\t<\/div>\n\t\t<div class=\"elementor-element elementor-element-713a623 e-flex e-con-boxed e-con e-parent\" data-id=\"713a623\" data-element_type=\"container\" data-settings=\"{&quot;background_background&quot;:&quot;classic&quot;}\">\n\t\t\t\t\t<div class=\"e-con-inner\">\n\t\t\t\t<div class=\"elementor-element elementor-element-22240b2 elementor-widget__width-initial elementor-widget elementor-widget-text-editor\" data-id=\"22240b2\" data-element_type=\"widget\" data-widget_type=\"text-editor.default\">\n\t\t\t\t\t\t\t\t\t<p>\u2013 Bolje povezivanje i organizacija profesionalaca koji dele isti sistem nau\u010dnih i stru\u010dnih vrednosti<br \/>\u2013 Razvijanje saradnje me\u0111u \u010dlanovima Udru\u017eenja na stru\u010dnom, dru\u0161tvenom i<br \/>organizacionom planu usavr\u0161avanje i negovanje lekarske etike<br \/>\u2013 Kvalitetniji pristup novim saznanjima i iskustvima iz oblasti pedijatrijske ednokrinologije<br \/>\u2013 Razvoj, unapre\u0111enje i sprovo\u0111enje svih oblika kontinuirane medicinske edukacije<br \/>\u2013 Pobolj\u0161anje edukacije kako mladih, tako i iskusnih medicinskih radnika u primarnoj i sekundarnoj zdravstenoj za\u0161titi<br \/>\u2013 Edukacija zaposlenih u pred\u0161kolskim i \u0161kolskim ustanovama iz oblasti pedijatrijske endokrinologije<br \/>\u2013 Unapre\u0111enje saradnje sa pred\u0161kolskim, \u0161kolskim i visoko\u0161kolskim ustanovama<br \/>\u2013 Saradnja sa nadle\u017enim organima i organizacijama u ostvarivanju planova i programa dodiplomske nastave i poslediplomskog usavr\u0161avanja zdravstvenih radnika<br \/>\u2013 Unapre\u0111enje saradnje sa RFZO<br \/>\u2013 Pobolj\u0161anje saradnje sa svim privrednim subjektima, posebno sa proizvo\u0111a\u010dima lekova i medicinske opreme, kao i sredstvima javnog informisanja;<\/p><p>\u2013 Unapre\u0111enje saradnje sa odgovaraju\u0107im dru\u0161tvima, udru\u017eenjima i nau\u010dnovistra\u017eiva\u010dkim ustanovama u zemlji, regionu i svetu;<br \/>\u2013 Saradnja sa inostranim centrima u cilju unapre\u0111enja kvaliteta le\u010denja dece, kao i u cilju edukacije \u010dlanova udru\u017eenja<br \/>\u2013 U\u010destvovanje u me\u0111unarodnim projektima za unapre\u0111enje zdravstvene za\u0161tite, kao i statisti\u010dku obradu podataka<\/p>\t\t\t\t\t\t\t\t<\/div>\n\t\t\t\t\t<\/div>\n\t\t\t\t<\/div>\n\t\t<div class=\"elementor-element elementor-element-dbbf85d e-flex e-con-boxed e-con e-parent\" data-id=\"dbbf85d\" data-element_type=\"container\">\n\t\t\t\t\t<div class=\"e-con-inner\">\n\t\t<div class=\"elementor-element elementor-element-fda3ada e-con-full e-flex e-con e-child\" data-id=\"fda3ada\" data-element_type=\"container\">\n\t\t\t\t<div class=\"elementor-element elementor-element-a9cb24f elementor-view-default elementor-position-top elementor-mobile-position-top elementor-widget elementor-widget-icon-box\" data-id=\"a9cb24f\" data-element_type=\"widget\" data-widget_type=\"icon-box.default\">\n\t\t\t\t\t\t\t<div class=\"elementor-icon-box-wrapper\">\n\n\t\t\t\t\t\t<div class=\"elementor-icon-box-icon\">\n\t\t\t\t<span  class=\"elementor-icon\">\n\t\t\t\t<svg aria-hidden=\"true\" class=\"e-font-icon-svg e-fas-user-md\" viewBox=\"0 0 448 512\" xmlns=\"http:\/\/www.w3.org\/2000\/svg\"><path d=\"M224 256c70.7 0 128-57.3 128-128S294.7 0 224 0 96 57.3 96 128s57.3 128 128 128zM104 424c0 13.3 10.7 24 24 24s24-10.7 24-24-10.7-24-24-24-24 10.7-24 24zm216-135.4v49c36.5 7.4 64 39.8 64 78.4v41.7c0 7.6-5.4 14.2-12.9 15.7l-32.2 6.4c-4.3.9-8.5-1.9-9.4-6.3l-3.1-15.7c-.9-4.3 1.9-8.6 6.3-9.4l19.3-3.9V416c0-62.8-96-65.1-96 1.9v26.7l19.3 3.9c4.3.9 7.1 5.1 6.3 9.4l-3.1 15.7c-.9 4.3-5.1 7.1-9.4 6.3l-31.2-4.2c-7.9-1.1-13.8-7.8-13.8-15.9V416c0-38.6 27.5-70.9 64-78.4v-45.2c-2.2.7-4.4 1.1-6.6 1.9-18 6.3-37.3 9.8-57.4 9.8s-39.4-3.5-57.4-9.8c-7.4-2.6-14.9-4.2-22.6-5.2v81.6c23.1 6.9 40 28.1 40 53.4 0 30.9-25.1 56-56 56s-56-25.1-56-56c0-25.3 16.9-46.5 40-53.4v-80.4C48.5 301 0 355.8 0 422.4v44.8C0 491.9 20.1 512 44.8 512h358.4c24.7 0 44.8-20.1 44.8-44.8v-44.8c0-72-56.8-130.3-128-133.8z\"><\/path><\/svg>\t\t\t\t<\/span>\n\t\t\t<\/div>\n\t\t\t\n\t\t\t\t\t\t<div class=\"elementor-icon-box-content\">\n\n\t\t\t\t\t\t\t\t\t<h3 class=\"elementor-icon-box-title\">\n\t\t\t\t\t\t<span  >\n\t\t\t\t\t\t\tPredsednik Udru\u017eenja: \t\t\t\t\t\t<\/span>\n\t\t\t\t\t<\/h3>\n\t\t\t\t\n\t\t\t\t\t\t\t\t\t<p class=\"elementor-icon-box-description\">\n\t\t\t\t\t\tDr sci.med. Tatjana Milenkovi\u0107, NS\t\t\t\t\t<\/p>\n\t\t\t\t\n\t\t\t<\/div>\n\t\t\t\n\t\t<\/div>\n\t\t\t\t\t\t<\/div>\n\t\t\t\t<\/div>\n\t\t<div class=\"elementor-element elementor-element-e9c008d e-con-full e-flex e-con e-child\" data-id=\"e9c008d\" data-element_type=\"container\">\n\t\t\t\t<div class=\"elementor-element elementor-element-10e80d0 elementor-view-default elementor-position-top elementor-mobile-position-top elementor-widget elementor-widget-icon-box\" data-id=\"10e80d0\" data-element_type=\"widget\" data-widget_type=\"icon-box.default\">\n\t\t\t\t\t\t\t<div class=\"elementor-icon-box-wrapper\">\n\n\t\t\t\t\t\t<div class=\"elementor-icon-box-icon\">\n\t\t\t\t<span  class=\"elementor-icon\">\n\t\t\t\t<svg aria-hidden=\"true\" class=\"e-font-icon-svg e-fas-user-md\" viewBox=\"0 0 448 512\" xmlns=\"http:\/\/www.w3.org\/2000\/svg\"><path d=\"M224 256c70.7 0 128-57.3 128-128S294.7 0 224 0 96 57.3 96 128s57.3 128 128 128zM104 424c0 13.3 10.7 24 24 24s24-10.7 24-24-10.7-24-24-24-24 10.7-24 24zm216-135.4v49c36.5 7.4 64 39.8 64 78.4v41.7c0 7.6-5.4 14.2-12.9 15.7l-32.2 6.4c-4.3.9-8.5-1.9-9.4-6.3l-3.1-15.7c-.9-4.3 1.9-8.6 6.3-9.4l19.3-3.9V416c0-62.8-96-65.1-96 1.9v26.7l19.3 3.9c4.3.9 7.1 5.1 6.3 9.4l-3.1 15.7c-.9 4.3-5.1 7.1-9.4 6.3l-31.2-4.2c-7.9-1.1-13.8-7.8-13.8-15.9V416c0-38.6 27.5-70.9 64-78.4v-45.2c-2.2.7-4.4 1.1-6.6 1.9-18 6.3-37.3 9.8-57.4 9.8s-39.4-3.5-57.4-9.8c-7.4-2.6-14.9-4.2-22.6-5.2v81.6c23.1 6.9 40 28.1 40 53.4 0 30.9-25.1 56-56 56s-56-25.1-56-56c0-25.3 16.9-46.5 40-53.4v-80.4C48.5 301 0 355.8 0 422.4v44.8C0 491.9 20.1 512 44.8 512h358.4c24.7 0 44.8-20.1 44.8-44.8v-44.8c0-72-56.8-130.3-128-133.8z\"><\/path><\/svg>\t\t\t\t<\/span>\n\t\t\t<\/div>\n\t\t\t\n\t\t\t\t\t\t<div class=\"elementor-icon-box-content\">\n\n\t\t\t\t\t\t\t\t\t<h3 class=\"elementor-icon-box-title\">\n\t\t\t\t\t\t<span  >\n\t\t\t\t\t\t\tZastupnik Udru\u017eenja: \t\t\t\t\t\t<\/span>\n\t\t\t\t\t<\/h3>\n\t\t\t\t\n\t\t\t\t\t\t\t\t\t<p class=\"elementor-icon-box-description\">\n\t\t\t\t\t\tDr Sla\u0111ana Todorovi\u0107, pedijatar-endokrinolog\t\t\t\t\t<\/p>\n\t\t\t\t\n\t\t\t<\/div>\n\t\t\t\n\t\t<\/div>\n\t\t\t\t\t\t<\/div>\n\t\t\t\t<\/div>\n\t\t<div class=\"elementor-element elementor-element-38cc998 e-con-full e-flex e-con e-child\" data-id=\"38cc998\" data-element_type=\"container\">\n\t\t\t\t<div class=\"elementor-element elementor-element-4a7caf7 elementor-view-default elementor-position-top elementor-mobile-position-top elementor-widget elementor-widget-icon-box\" data-id=\"4a7caf7\" data-element_type=\"widget\" data-widget_type=\"icon-box.default\">\n\t\t\t\t\t\t\t<div class=\"elementor-icon-box-wrapper\">\n\n\t\t\t\t\t\t<div class=\"elementor-icon-box-icon\">\n\t\t\t\t<span  class=\"elementor-icon\">\n\t\t\t\t<svg aria-hidden=\"true\" class=\"e-font-icon-svg e-fas-users\" viewBox=\"0 0 640 512\" xmlns=\"http:\/\/www.w3.org\/2000\/svg\"><path d=\"M96 224c35.3 0 64-28.7 64-64s-28.7-64-64-64-64 28.7-64 64 28.7 64 64 64zm448 0c35.3 0 64-28.7 64-64s-28.7-64-64-64-64 28.7-64 64 28.7 64 64 64zm32 32h-64c-17.6 0-33.5 7.1-45.1 18.6 40.3 22.1 68.9 62 75.1 109.4h66c17.7 0 32-14.3 32-32v-32c0-35.3-28.7-64-64-64zm-256 0c61.9 0 112-50.1 112-112S381.9 32 320 32 208 82.1 208 144s50.1 112 112 112zm76.8 32h-8.3c-20.8 10-43.9 16-68.5 16s-47.6-6-68.5-16h-8.3C179.6 288 128 339.6 128 403.2V432c0 26.5 21.5 48 48 48h288c26.5 0 48-21.5 48-48v-28.8c0-63.6-51.6-115.2-115.2-115.2zm-223.7-13.4C161.5 263.1 145.6 256 128 256H64c-35.3 0-64 28.7-64 64v32c0 17.7 14.3 32 32 32h65.9c6.3-47.4 34.9-87.3 75.2-109.4z\"><\/path><\/svg>\t\t\t\t<\/span>\n\t\t\t<\/div>\n\t\t\t\n\t\t\t\t\t\t<div class=\"elementor-icon-box-content\">\n\n\t\t\t\t\t\t\t\t\t<h3 class=\"elementor-icon-box-title\">\n\t\t\t\t\t\t<span  >\n\t\t\t\t\t\t\t\u010clanovi Udru\u017eenja:\t\t\t\t\t\t<\/span>\n\t\t\t\t\t<\/h3>\n\t\t\t\t\n\t\t\t\t\t\t\t\t\t<p class=\"elementor-icon-box-description\">\n\t\t\t\t\t\tDr sci.med. Katarina Mitrovi\u0107<br>\nDr sci.med. Rade Vukovi\u0107<br>\nDragana Filipovi\u0107, MS, edukator za dijabetes<br>\nLjubica Grgi\u0107, MS, edukator za dijabetes<br>\t\t\t\t\t<\/p>\n\t\t\t\t\n\t\t\t<\/div>\n\t\t\t\n\t\t<\/div>\n\t\t\t\t\t\t<\/div>\n\t\t\t\t<\/div>\n\t\t\t\t\t<\/div>\n\t\t\t\t<\/div>\n\t\t\t\t<\/div>\n\t\t","protected":false},"excerpt":{"rendered":"<p>UDRU\u017dENJE ZA PEDIJATRIJSKU ENDOKRINOLOGIJU SRBIJE Udru\u017eenje za pedijatrijsku endokrinologiju Srbije je nevladino, nestrana\u010dko i neprofitno strukovno udru\u017eenje pedijatara endokrinologa, pedijatara sa posebnim interesovanjemza de\u010diju endokrinologiju, hirurga, nutricionista, dijeteti\u010dara, kao i medicinskih sestara i tehni\u010dara sa posebnim interesom za de\u010diju endokrinologiju, sa teritorije Republike Srbije, radi ostvarivanja ciljeva u oblasti zdravstvene za\u0161tite dece i adolescenata, a [&hellip;]<\/p>\n","protected":false},"author":1,"featured_media":0,"parent":0,"menu_order":0,"comment_status":"closed","ping_status":"closed","template":"elementor_canvas","meta":{"footnotes":""},"class_list":["post-8","page","type-page","status-publish","hentry"],"_links":{"self":[{"href":"http:\/\/spes.rs\/index.php\/wp-json\/wp\/v2\/pages\/8","targetHints":{"allow":["GET"]}}],"collection":[{"href":"http:\/\/spes.rs\/index.php\/wp-json\/wp\/v2\/pages"}],"about":[{"href":"http:\/\/spes.rs\/index.php\/wp-json\/wp\/v2\/types\/page"}],"author":[{"embeddable":true,"href":"http:\/\/spes.rs\/index.php\/wp-json\/wp\/v2\/users\/1"}],"replies":[{"embeddable":true,"href":"http:\/\/spes.rs\/index.php\/wp-json\/wp\/v2\/comments?post=8"}],"version-history":[{"count":70,"href":"http:\/\/spes.rs\/index.php\/wp-json\/wp\/v2\/pages\/8\/revisions"}],"predecessor-version":[{"id":103,"href":"http:\/\/spes.rs\/index.php\/wp-json\/wp\/v2\/pages\/8\/revisions\/103"}],"wp:attachment":[{"href":"http:\/\/spes.rs\/index.php\/wp-json\/wp\/v2\/media?parent=8"}],"curies":[{"name":"wp","href":"https:\/\/api.w.org\/{rel}","templated":true}]}}